{"id":1682,"date":"2017-02-06T15:09:31","date_gmt":"2017-02-06T14:09:31","guid":{"rendered":"https:\/\/www.altersis.com\/?page_id=1682\/"},"modified":"2017-02-06T15:09:31","modified_gmt":"2017-02-06T14:09:31","slug":"terms-of-services","status":"publish","type":"page","link":"https:\/\/www.altersis.com\/en\/terms-of-services\/","title":{"rendered":"Terms of services"},"content":{"rendered":"<p><strong>Editeur du Site :<\/strong><\/p>\n<p>ALTERSIS &#8211;\u00a0Latitude Arbois, B\u00e2timent B Parc de la Duranne, 1060 rue Ren\u00e9 Descartes &#8211;\u00a013857 Aix-en-Provence Cedex 3<\/p>\n<p>Num\u00e9ro de SIRET : 501735617 00026<\/p>\n<p>T\u00e9l\u00e9phone :0442160180 \u2013 Fax : 0442160189<\/p>\n<p>Email : <a href=\"mailto:info@sport-business-club.fr\">info@altersis.com<\/a><\/p>\n<p>Responsable editorial : Guy PUECH<\/p>\n<p><strong>H\u00e9bergement :<\/strong><\/p>\n<p>WP SERVEUR SARL &#8211;\u00a07 rue de la Cit\u00e9 Foulc &#8211; 30000 N\u00eemes<\/p>\n<p>Site Web : <a href=\"http:\/\/https\/www.wpserveur.net\/\">https:\/\/www.wpserveur.net\/<\/a><\/p>\n<p><strong>D\u00e9veloppement :<\/strong><\/p>\n<p>Tiger &amp; June &#8211;\u00a031 rue de Paris &#8211;\u00a006000 Nice<\/p>\n<p>Site Web : <u><a href=\"http:\/\/www.tigerandjune.com\/\">http:\/\/www.tigerandjune.com\/<\/a><\/u><\/p>\n<p><strong>Conditions d\u2019utilisation :<\/strong><\/p>\n<p>Ce site (<a href=\"http:\/\/www.sport-business-club.fr\/\">www.altersis.com<\/a>) est propos\u00e9 en diff\u00e9rents langages web (HTML, HTML5, Javascript, CSS, etc\u2026). Pour un meilleur confort d&#8217;utilisation et un graphisme plus agr\u00e9able, nous vous recommandons les versions les plus r\u00e9centes des navigateurs modernes comme Internet explorer, Safari, Firefox, Google Chrome, etc\u2026<\/p>\n<p>Les mentions l\u00e9gales ont \u00e9t\u00e9 g\u00e9n\u00e9r\u00e9es sur le site <a href=\"http:\/\/www.generateur-de-mentions-legales.com\/\">G\u00e9n\u00e9rateur de mentions l\u00e9gales<\/a>, offert par <a href=\"http:\/\/welye.com\/\">Welye<\/a>.<\/p>\n<p>www.altersis.com met en \u0153uvre tous les moyens dont elle dispose pour assurer une information fiable et une mise \u00e0 jour fiable de son site internet. Toutefois, des erreurs ou omissions peuvent survenir. L&#8217;internaute devra donc s&#8217;assurer de l&#8217;exactitude des informations aupr\u00e8s de <a href=\"mailto:info@sport-business-club.fr\">info@altersis.com<\/a>, et signaler toutes modifications du site qu&#8217;il jugerait utile. La soci\u00e9t\u00e9 Altersis n&#8217;est en aucun cas responsable de l&#8217;utilisation faite de ces informations et de tout pr\u00e9judice direct ou indirect pouvant en d\u00e9couler.<\/p>\n<p><strong>Cookies<\/strong> : Le site <a href=\"http:\/\/www.sport-business-club.fr\/\">www.altersis.com<\/a> peut \u00eatre amen\u00e9 \u00e0 vous demander l\u2019acceptation des cookies pour des besoins de statistiques et d&#8217;affichage. Un cookie est une information d\u00e9pos\u00e9e sur votre disque dur par le serveur du site que vous visitez. Il contient plusieurs donn\u00e9es qui sont stock\u00e9es sur votre ordinateur dans un simple fichier texte auquel un serveur acc\u00e8de pour lire et enregistrer des informations. Certaines parties de ce site ne peuvent \u00eatre fonctionnelles sans l\u2019acceptation de cookies.<\/p>\n<p><strong>Liens hypertextes :<\/strong> Les sites internet peuvent offrir des liens vers d\u2019autres sites internet ou d\u2019autres ressources disponibles sur Internet.<\/p>\n<p>Altersis ne dispose d&#8217;aucun moyen pour contr\u00f4ler les sites en connexion avec son site internet. Elle ne r\u00e9pond pas de la disponibilit\u00e9 de tels sites et sources externes, ni ne la garantit. Elle ne peut \u00eatre tenue pour responsable de tout dommage, de quelque nature que ce soit, r\u00e9sultant du contenu de ces sites ou sources externes, et notamment des informations, produits ou services qu\u2019ils proposent, ou de tout usage qui peut \u00eatre fait de ces \u00e9l\u00e9ments. Les risques li\u00e9s \u00e0 cette utilisation incombent pleinement \u00e0 l&#8217;internaute, qui doit se conformer \u00e0 leurs conditions d&#8217;utilisation.<\/p>\n<p>Les utilisateurs, les abonn\u00e9s et les visiteurs du site internet www.altersis.com ne peuvent mettre en place un hyperlien en direction de ce site sans l&#8217;autorisation expresse et pr\u00e9alable d&#8217;Altersis. Dans l&#8217;hypoth\u00e8se o\u00f9 un utilisateur ou visiteur souhaiterait mettre en place un hyperlien en direction de www.altersis.com, il lui appartiendra d&#8217;adresser un email \u00e0 <a href=\"mailto:info@sport-business-club.fr\">info@altersis.com<\/a> afin de formuler sa demande de mise en place d&#8217;un hyperlien. Altersis se r\u00e9serve le droit d\u2019accepter ou de refuser un hyperlien sans avoir \u00e0 en justifier sa d\u00e9cision.<\/p>\n<p><strong>Services fournis :<\/strong><\/p>\n<p>L&#8217;ensemble des activit\u00e9s de la soci\u00e9t\u00e9 ainsi que ses informations sont pr\u00e9sent\u00e9es sur notre site <a href=\"http:\/\/www.sport-business-club.fr\/\">www.altersis.com<\/a>.<\/p>\n<p>Altersis s\u2019efforce de fournir sur le site www.altersis.com des informations aussi pr\u00e9cises que possible. Les renseignements figurant sur le site <a href=\"http:\/\/www.sport-business-club.fr\/\">www.altersis.com<\/a> ne sont pas exhaustifs et les photos non contractuelles. Ils sont donn\u00e9s sous r\u00e9serve de modifications ayant \u00e9t\u00e9 apport\u00e9es depuis leur mise en ligne. Par ailleurs, toutes les informations indiqu\u00e9es sur le site www.altersis.com sont donn\u00e9es \u00e0 titre indicatif, et sont susceptibles de changer ou d\u2019\u00e9voluer sans pr\u00e9avis.<\/p>\n<p><strong>Limitation contractuelle sur les donn\u00e9es :<\/strong><\/p>\n<p>Les informations contenues sur ce site sont aussi pr\u00e9cises que possible et mises \u00e0 jour \u00e0 diff\u00e9rentes p\u00e9riodes de l\u2019ann\u00e9e. Elles peuvent toutefois contenir des inexactitudes ou des omissions. Si vous constatez une lacune, erreur ou ce qui parait \u00eatre un dysfonctionnement, merci de bien vouloir le signaler par email, \u00e0 l\u2019adresse <a href=\"mailto:info@sport-business-club.fr\">info@altersis.com<\/a>, en d\u00e9crivant le probl\u00e8me de la mani\u00e8re la plus pr\u00e9cise possible (page posant probl\u00e8me, type d\u2019ordinateur et de navigateur utilis\u00e9, \u2026). Tout contenu t\u00e9l\u00e9charg\u00e9 se fait aux risques et p\u00e9rils de l&#8217;utilisateur et sous sa seule responsabilit\u00e9. En cons\u00e9quence, <a href=\"http:\/\/www.sport-business-club.fr\/\">www.altersis.com<\/a> ne saurait \u00eatre tenu responsable d&#8217;un quelconque dommage subi par l&#8217;ordinateur de l&#8217;utilisateur ou d&#8217;une quelconque perte de donn\u00e9es cons\u00e9cutive au t\u00e9l\u00e9chargement. De plus, l\u2019utilisateur du site s\u2019engage \u00e0 acc\u00e9der au site en utilisant un mat\u00e9riel r\u00e9cent, ne contenant pas de virus et avec un navigateur de derni\u00e8re g\u00e9n\u00e9ration mis-\u00e0-jour.<\/p>\n<p>Les liens hypertextes mis en place dans le cadre du pr\u00e9sent site internet en direction d&#8217;autres ressources pr\u00e9sentes sur le r\u00e9seau Internet ne sauraient engager la responsabilit\u00e9 de Altersis.<\/p>\n<p><strong>Propri\u00e9t\u00e9 intellectuelle :<\/strong><\/p>\n<p>Tout le contenu pr\u00e9sent sur le site <a href=\"http:\/\/www.sport-business-club.fr\/\">www.altersis.com<\/a>, incluant, de fa\u00e7on non limitative, les graphismes, images, textes, vid\u00e9os, animations, sons, logos, gifs et ic\u00f4nes ainsi que leur mise en forme sont la propri\u00e9t\u00e9 exclusive de la soci\u00e9t\u00e9 Altersis \u00e0 l&#8217;exception des marques, logos ou contenus appartenant \u00e0 d&#8217;autres soci\u00e9t\u00e9s partenaires ou auteurs. Toute reproduction, distribution, modification, adaptation, retransmission ou publication, m\u00eame partielle, de ces diff\u00e9rents \u00e9l\u00e9ments est strictement interdite sans l&#8217;accord express \u00e9crit de Altersis. Cette repr\u00e9sentation ou reproduction, par quelque proc\u00e9d\u00e9 que ce soit, constitue une contrefa\u00e7on sanctionn\u00e9e par les articles L.335-2 et suivants du Code de la propri\u00e9t\u00e9 intellectuelle. Le non-respect de cette interdiction constitue une contrefa\u00e7on pouvant engager la responsabilit\u00e9 civile et p\u00e9nale du contrefacteur. En outre, les propri\u00e9taires des Contenus copi\u00e9s pourraient intenter une action en justice \u00e0 votre encontre.<\/p>\n<p>La loi du 11 Mars 1957, n&#8217;autorisant, au terme des alin\u00e9as 2 et 3 de l&#8217;article 4, d&#8217;une part, que &#8220;les copies ou reproductions strictement r\u00e9serv\u00e9es \u00e0 l&#8217;usage priv\u00e9 du copiste et non destin\u00e9es \u00e0 une utilisation collective&#8221; et, d&#8217;autre part, que les analyses et les courtes citations dans un but d&#8217;exemple et d&#8217;illustration, &#8220;toute repr\u00e9sentation ou reproduction, int\u00e9grale ou partielle, faite sans le consentement de l&#8217;auteur ou de ses ayants droit ou ayants cause, est illicite&#8221; (alin\u00e9a premier de l&#8217;article 40). Cette repr\u00e9sentation ou reproduction, constituerait donc une contrefa\u00e7on sanctionn\u00e9e par les articles 425 et suivants du Code P\u00e9nal.<\/p>\n<p><strong>D\u00e9claration \u00e0 la CNIL :<\/strong><\/p>\n<p>Conform\u00e9ment \u00e0 la loi 78-17 du 6 janvier 1978 (modifi\u00e9e par la loi 2004-801 du 6 ao\u00fbt 2004 relative \u00e0 la protection des personnes physiques \u00e0 l&#8217;\u00e9gard des traitements de donn\u00e9es \u00e0 caract\u00e8re personnel) relative \u00e0 l&#8217;informatique, aux fichiers et aux libert\u00e9s, ce site a fait l&#8217;objet d&#8217;une d\u00e9claration r\u00e9f\u00e9renc\u00e9e sous le num\u00e9ro <strong>2030706 v 0<\/strong> aupr\u00e8s de la Commission nationale de l&#8217;informatique et des libert\u00e9s (<a href=\"http:\/\/www.cnil.fr\/\">www.cnil.fr<\/a>).<\/p>\n<p><strong>Litiges :<\/strong><\/p>\n<p>Les pr\u00e9sentes conditions du site <a href=\"http:\/\/www.sport-business-club.fr\/\">www.altersis.com<\/a> sont r\u00e9gies par les lois fran\u00e7aises et toute contestation ou litiges qui pourraient na\u00eetre de l&#8217;interpr\u00e9tation ou de l&#8217;ex\u00e9cution de celles-ci seront de la comp\u00e9tence exclusive des tribunaux dont d\u00e9pend le si\u00e8ge social de la soci\u00e9t\u00e9. La langue de r\u00e9f\u00e9rence, pour le r\u00e8glement de contentieux \u00e9ventuels, est le fran\u00e7ais.<\/p>\n<p><strong>Donn\u00e9es personnelles :<\/strong><\/p>\n<p>De mani\u00e8re g\u00e9n\u00e9rale, vous n\u2019\u00eates pas tenu de nous communiquer vos donn\u00e9es personnelles lorsque vous visitez notre site Internet <a href=\"http:\/\/www.sport-business-club.fr\/\">www.altersis.com<\/a>. Cependant, ce principe comporte certaines exceptions. En effet, pour certains services propos\u00e9s par notre site, vous pouvez \u00eatre amen\u00e9s \u00e0 nous communiquer certaines donn\u00e9es telles que : votre nom, votre adresse \u00e9lectronique, ou encore votre num\u00e9ro de t\u00e9l\u00e9phone. Tel est le cas par exemple lorsque vous remplissez le formulaire qui vous est propos\u00e9 en ligne pour une r\u00e9ponse \u00e0 une offre d&#8217;emploi. Dans tous les cas, vous pouvez refuser de fournir vos donn\u00e9es personnelles. Dans ce cas, vous ne pourrez pas utiliser les services du site n\u00e9cessitant la saisie pr\u00e9alable de ces informations. Enfin, nous pouvons collecter de mani\u00e8re automatique certaines informations vous concernant lors d\u2019une simple navigation sur notre site Internet, notamment : des informations concernant l\u2019utilisation de notre site comme les pages que vous visitez, les services auxquels vous acc\u00e9dez, votre adresse IP, le type de votre navigateur, vos temps d&#8217;acc\u00e8s. De telles informations sont utilis\u00e9es exclusivement \u00e0 des fins de statistiques internes, de mani\u00e8re \u00e0 am\u00e9liorer la qualit\u00e9 des services qui vous sont propos\u00e9s. Les bases de donn\u00e9es sont prot\u00e9g\u00e9es par les dispositions de la loi du 1er juillet 1998 transposant la directive 96\/9 du 11 mars 1996 relative \u00e0 la protection juridique des bases de donn\u00e9es.<\/p>\n","protected":false},"excerpt":{"rendered":"<p>Editeur du Site : ALTERSIS &#8211;\u00a0Latitude Arbois, B\u00e2timent B Parc de la Duranne, 1060 rue Ren\u00e9 Descartes &#8211;\u00a013857 Aix-en-Provence Cedex 3 Num\u00e9ro de SIRET : 501735617 00026 T\u00e9l\u00e9phone :0442160180 \u2013 Fax : 0442160189 Email : info@altersis.com Responsable editorial : Guy PUECH H\u00e9bergement : WP SERVEUR SARL &#8211;\u00a07 rue de la Cit\u00e9 Foulc &#8211; 30000 N\u00eemes [&hellip;]<\/p>\n","protected":false},"author":38,"featured_media":0,"parent":0,"menu_order":0,"comment_status":"closed","ping_status":"closed","template":"","meta":{"_acf_changed":false,"footnotes":""},"class_list":["post-1682","page","type-page","status-publish","hentry"],"acf":[],"_links":{"self":[{"href":"https:\/\/www.altersis.com\/en\/wp-json\/wp\/v2\/pages\/1682","targetHints":{"allow":["GET"]}}],"collection":[{"href":"https:\/\/www.altersis.com\/en\/wp-json\/wp\/v2\/pages"}],"about":[{"href":"https:\/\/www.altersis.com\/en\/wp-json\/wp\/v2\/types\/page"}],"author":[{"embeddable":true,"href":"https:\/\/www.altersis.com\/en\/wp-json\/wp\/v2\/users\/38"}],"replies":[{"embeddable":true,"href":"https:\/\/www.altersis.com\/en\/wp-json\/wp\/v2\/comments?post=1682"}],"version-history":[{"count":1,"href":"https:\/\/www.altersis.com\/en\/wp-json\/wp\/v2\/pages\/1682\/revisions"}],"predecessor-version":[{"id":1683,"href":"https:\/\/www.altersis.com\/en\/wp-json\/wp\/v2\/pages\/1682\/revisions\/1683"}],"wp:attachment":[{"href":"https:\/\/www.altersis.com\/en\/wp-json\/wp\/v2\/media?parent=1682"}],"curies":[{"name":"wp","href":"https:\/\/api.w.org\/{rel}","templated":true}]}}