{"id":191,"date":"2016-07-12T18:14:00","date_gmt":"2016-07-12T16:14:00","guid":{"rendered":"http:\/\/altersis.dev\/cms\/en\/?page_id=191"},"modified":"2024-01-29T19:28:00","modified_gmt":"2024-01-29T18:28:00","slug":"contact","status":"publish","type":"page","link":"https:\/\/www.altersis.com\/en\/contact\/","title":{"rendered":"Contact"},"content":{"rendered":"<h2><span style=\"color: #a00631;\"><strong>France<\/strong><\/span><\/h2>\n<h5><strong>HR department\u00a0<\/strong>: <a href=\"mailto:recrutement@altersis.com\">recrutement@altersis.com<\/a><\/h5>\n<p>Tel: <strong>+33 (0)4 42 16 01 80<\/strong><\/p>\n<h4>Aix-en-Provence<\/h4>\n<p>Latitude Arbois &#8211; B\u00e2timent B<br \/>\nParc de la Duranne<br \/>\n1060 rue Ren\u00e9 Descartes<br \/>\n13857 Aix-en-Provence Cedex 3 &#8211;\u00a0<strong><a href=\"https:\/\/www.google.fr\/maps\/dir\/''\/1060,+rue+Ren\u00e9+Descartes,+13190+Aix-en-Provence\/\" target=\"_blank\" rel=\"noopener\">How to find us<\/a><\/strong><\/p>\n<p>Tel: <strong>+33 (0)4 42 16 01 80<\/strong><\/p>\n<h4>Paris<\/h4>\n<p>93 rue Nationale,<br \/>\n92100 Billancourt &#8211; <strong><a href=\"https:\/\/goo.gl\/maps\/FfZ4K53tY2wpPu4t8\" target=\"_blank\" rel=\"noopener\">How to find us<\/a><\/strong><\/p>\n<p>Tel:\u00a0<strong>+33 (0)<b>1 75 61 29 40<\/b><\/strong><\/p>\n<h4>Montpellier<\/h4>\n<p>Bureau &amp; Co &#8211; Le strat\u00e8ge<br \/>\n1095 rue Henri Becquerel,<br \/>\n34000 Montpellier &#8211;\u00a0<strong><a href=\"https:\/\/goo.gl\/maps\/zhRcSyyWVu4BuAJy7\" target=\"_blank\" rel=\"noopener\">How to find us<\/a><\/strong><\/p>\n<p>Tel: <strong>+33 (0)4 42 16 01 80<\/strong><\/p>\n<h4>Sophia-Antipolis<\/h4>\n<p>240 rue Evariste Galois, Garden Space, Bat A<br \/>\n06560 Biot &#8211;\u00a0<strong><a href=\"https:\/\/goo.gl\/maps\/7qowN4xbVUsUBGAS8\" target=\"_blank\" rel=\"noopener\">How to find us<\/a><\/strong><\/p>\n<p>Tel: <strong>+33 (0)<i>4 92 91 86 90<\/i><\/strong><\/p>\n<hr \/>\n<h2><span style=\"color: #a00631;\">Czech republic<\/span><\/h2>\n<h4>Prague<\/h4>\n<p>Rohansk\u00e9 n\u00e0b\u0159. 693<br \/>\n186 00 Praha 8-Karl\u00edn &#8211;\u00a0<strong><a href=\"https:\/\/www.google.fr\/maps\/place\/Rohansk%C3%A9+n%C3%A1b%C5%99.+693,+186+00+Karl%C3%ADn,+Tch%C3%A9quie\/@50.0994961,14.4639935,17z\/data=!3m1!4b1!4m5!3m4!1s0x470b935af20b66ef:0xe59299c32e07469d!8m2!3d50.0994961!4d14.4661822\" target=\"_blank\" rel=\"noopener\">How to find us<\/a><\/strong><\/p>\n<p><span style=\"font-size: 12pt;\"><strong>HR department\u00a0<\/strong>: <strong><a href=\"mailto:career-cz@altersis.com\">career-cz@altersis.com<\/a><\/strong><\/span><\/p>\n<hr \/>\n<h2><span style=\"color: #a00631;\">Switzeland<\/span><\/h2>\n<h4>B\u00e2le<\/h4>\n<p>Sch\u00fctzengraben 7<br \/>\n4051 Basel, Switzerland &#8211;\u00a0<strong><a href=\"https:\/\/www.google.fr\/maps\/place\/Sch%C3%BCtzengraben+7,+4051+Basel,+Suisse\/@47.5555522,7.5808752,17z\/data=!3m1!4b1!4m5!3m4!1s0x4791b9aba4472e59:0xf5181f6e3e36ffc7!8m2!3d47.5555522!4d7.5830639\" target=\"_blank\" rel=\"noopener\">How to find us<\/a><\/strong><\/p>\n<p>Accueil:<strong>\u00a0+41 61 723 01 88<\/strong><\/p>\n<hr \/>\n<h2><span style=\"color: #a00631;\">Tunisia<\/span><\/h2>\n<h4>Tunis<\/h4>\n<p>Bureau A1.3 Immeuble Golden Tower au Centre Urbain Nord<br \/>\n1082 Tunis &#8211;\u00a0<strong><a href=\"https:\/\/www.google.fr\/maps\/place\/immeuble+Golden+Tower\/@36.8489863,10.1988845,18.29z\/data=!4m8!1m2!2m1!1sGolden+Towers+Centre+urbain+nord!3m4!1s0x0:0xa6438f38b11f9fea!8m2!3d36.8485969!4d10.2008503\" target=\"_blank\" rel=\"noopener\">How to find us<\/a><\/strong><\/p>\n<p>Accueil:<strong>\u00a0+216 36 31 11 78<\/strong><\/p>\n<h4>Sfax<\/h4>\n<p>Rue Ahmed Aloulou, Immeuble El Mokhtar<br \/>\nSfax 3027, Tunisia &#8211;\u00a0<strong><a href=\"https:\/\/www.google.fr\/maps\/place\/Rue+Ahmed+Aloulou,+Sfax,+Tunisie\/@34.7372094,10.7509937,17z\/data=!4m8!1m2!2m1!1sRue+Ahmed+Aloulou,+Immeuble+El+Mokhtar+Sfax+3027,Tunisia!3m4!1s0x13002cd538e25c67:0xeb7afb0a2abf04eb!8m2!3d34.7372092!4d10.7531825\" target=\"_blank\" rel=\"noopener\">How to find us<\/a><\/strong><\/p>\n<p>Accueil:<strong>\u00a0+216 74 41 62 73<\/strong><\/p>\n<hr \/>\n<h2><span style=\"color: #a00631;\">Maroc<\/span><\/h2>\n<h4>Rabat<\/h4>\n<p>12, rue de T\u00e9touan<br \/>\nHassan, Rabat, Marocco &#8211;\u00a0<strong><a href=\"https:\/\/www.google.fr\/maps\/search\/12+Rue+de+T%C3%A9touan,+Rabat,+Maroc\/@34.0168591,-6.8268259,19z\/data=!3m1!4b1\" target=\"_blank\" rel=\"noopener\">How to find us<\/a><\/strong><\/p>\n<p>Accueil:<strong>\u00a0+41 61 723 01 88<\/strong><\/p>\n","protected":false},"excerpt":{"rendered":"<p>France HR department\u00a0: recrutement@altersis.com Tel: +33 (0)4 42 16 01 80 Aix-en-Provence Latitude Arbois &#8211; B\u00e2timent B Parc de la Duranne 1060 rue Ren\u00e9 Descartes 13857 Aix-en-Provence Cedex 3 &#8211;\u00a0How to find us Tel: +33 (0)4 42 16 01 80 Paris 93 rue Nationale, 92100 Billancourt &#8211; How to find us Tel:\u00a0+33 (0)1 75 61 [&hellip;]<\/p>\n","protected":false},"author":38,"featured_media":4745,"parent":0,"menu_order":0,"comment_status":"closed","ping_status":"closed","template":"","meta":{"_acf_changed":false,"footnotes":""},"class_list":["post-191","page","type-page","status-publish","has-post-thumbnail","hentry"],"acf":[],"_links":{"self":[{"href":"https:\/\/www.altersis.com\/en\/wp-json\/wp\/v2\/pages\/191","targetHints":{"allow":["GET"]}}],"collection":[{"href":"https:\/\/www.altersis.com\/en\/wp-json\/wp\/v2\/pages"}],"about":[{"href":"https:\/\/www.altersis.com\/en\/wp-json\/wp\/v2\/types\/page"}],"author":[{"embeddable":true,"href":"https:\/\/www.altersis.com\/en\/wp-json\/wp\/v2\/users\/38"}],"replies":[{"embeddable":true,"href":"https:\/\/www.altersis.com\/en\/wp-json\/wp\/v2\/comments?post=191"}],"version-history":[{"count":5,"href":"https:\/\/www.altersis.com\/en\/wp-json\/wp\/v2\/pages\/191\/revisions"}],"predecessor-version":[{"id":4484,"href":"https:\/\/www.altersis.com\/en\/wp-json\/wp\/v2\/pages\/191\/revisions\/4484"}],"wp:featuredmedia":[{"embeddable":true,"href":"https:\/\/www.altersis.com\/en\/wp-json\/wp\/v2\/media\/4745"}],"wp:attachment":[{"href":"https:\/\/www.altersis.com\/en\/wp-json\/wp\/v2\/media?parent=191"}],"curies":[{"name":"wp","href":"https:\/\/api.w.org\/{rel}","templated":true}]}}