{"id":154,"date":"2016-07-05T17:00:20","date_gmt":"2016-07-05T15:00:20","guid":{"rendered":"http:\/\/altersis.dev\/cms\/fr\/?page_id=154"},"modified":"2024-02-10T16:48:34","modified_gmt":"2024-02-10T15:48:34","slug":"nos-valeurs","status":"publish","type":"page","link":"https:\/\/www.altersis.com\/fr\/nos-valeurs\/","title":{"rendered":"Nos valeurs"},"content":{"rendered":"<p><strong><img decoding=\"async\" class=\"aligncenter wp-image-857 \" src=\"http:\/\/tigerandjune-altersis.pf12.wpserveur.net\/wp-content\/uploads\/2016\/09\/73845210.jpg\" alt=\"73845210\" width=\"652\" height=\"487\" srcset=\"https:\/\/www.altersis.com\/wp-content\/uploads\/2016\/09\/73845210.jpg 937w, https:\/\/www.altersis.com\/wp-content\/uploads\/2016\/09\/73845210-300x224.jpg 300w, https:\/\/www.altersis.com\/wp-content\/uploads\/2016\/09\/73845210-768x574.jpg 768w\" sizes=\"(max-width: 652px) 100vw, 652px\" \/><\/strong><\/p>\n<blockquote>\n<p style=\"text-align: center;\"><strong><em>Je souhaite que cette entreprise soit centr\u00e9e autour de fortes valeurs humaines. Pour cela, nous s\u00e9lectionnons avec le plus grand soin nos collaborateurs sur la base de valeurs f\u00e9d\u00e9ratrices comme le respect, l&rsquo;esprit d&rsquo;\u00e9quipe et l&rsquo;investissement personnel. <\/em><\/strong><\/p>\n<\/blockquote>\n<p style=\"text-align: center;\"><strong>Guy Puech<\/strong><\/p>\n<p style=\"text-align: center;\">Pr\u00e9sident\u00a0du groupe ALTERSIS<\/p>\n<p>&nbsp;<\/p>\n","protected":false},"excerpt":{"rendered":"<p>Je souhaite que cette entreprise soit centr\u00e9e autour de fortes valeurs humaines. Pour cela, nous s\u00e9lectionnons avec le plus grand soin nos collaborateurs sur la base de valeurs f\u00e9d\u00e9ratrices comme le respect, l&rsquo;esprit d&rsquo;\u00e9quipe et l&rsquo;investissement personnel. Guy Puech Pr\u00e9sident\u00a0du groupe ALTERSIS &nbsp;<\/p>\n","protected":false},"author":38,"featured_media":4729,"parent":0,"menu_order":0,"comment_status":"closed","ping_status":"closed","template":"","meta":{"_acf_changed":false,"footnotes":""},"class_list":["post-154","page","type-page","status-publish","has-post-thumbnail","hentry"],"acf":[],"_links":{"self":[{"href":"https:\/\/www.altersis.com\/fr\/wp-json\/wp\/v2\/pages\/154","targetHints":{"allow":["GET"]}}],"collection":[{"href":"https:\/\/www.altersis.com\/fr\/wp-json\/wp\/v2\/pages"}],"about":[{"href":"https:\/\/www.altersis.com\/fr\/wp-json\/wp\/v2\/types\/page"}],"author":[{"embeddable":true,"href":"https:\/\/www.altersis.com\/fr\/wp-json\/wp\/v2\/users\/38"}],"replies":[{"embeddable":true,"href":"https:\/\/www.altersis.com\/fr\/wp-json\/wp\/v2\/comments?post=154"}],"version-history":[{"count":4,"href":"https:\/\/www.altersis.com\/fr\/wp-json\/wp\/v2\/pages\/154\/revisions"}],"predecessor-version":[{"id":4895,"href":"https:\/\/www.altersis.com\/fr\/wp-json\/wp\/v2\/pages\/154\/revisions\/4895"}],"wp:featuredmedia":[{"embeddable":true,"href":"https:\/\/www.altersis.com\/fr\/wp-json\/wp\/v2\/media\/4729"}],"wp:attachment":[{"href":"https:\/\/www.altersis.com\/fr\/wp-json\/wp\/v2\/media?parent=154"}],"curies":[{"name":"wp","href":"https:\/\/api.w.org\/{rel}","templated":true}]}}