{"id":2219,"date":"2018-08-17T17:42:52","date_gmt":"2018-08-17T15:42:52","guid":{"rendered":"https:\/\/www.altersis.com\/?page_id=2219"},"modified":"2022-12-06T12:10:46","modified_gmt":"2022-12-06T11:10:46","slug":"donnees-personnelles","status":"publish","type":"page","link":"https:\/\/www.altersis.com\/fr\/donnees-personnelles\/","title":{"rendered":"Donn\u00e9es personnelles"},"content":{"rendered":"<div class=\"ctn-gen-ascenseur\">\n<div>\n<p>ALTERSIS ne traite des donn\u00e9es personnelles qu&rsquo;au travers les formulaires de candidature spontan\u00e9e et de r\u00e9ponse \u00e0 une offre d&#8217;emploi.<\/p>\n<h2><span style=\"font-size: 14pt;\"><strong><span class=\"ctn-gen-ascenseur-titre\">Objet du traitement de donn\u00e9es<\/span><\/strong><\/span><\/h2>\n<\/div>\n<div class=\"ctn-gen-ascenseur-toCollapse\">\n<div class=\"ctn-gen-ascenseur-texte\">\n<p><strong>Finalit\u00e9s<\/strong><\/p>\n<p>Le traitement a pour objet<strong>\u00a0la gestion des candidatures \u00e0 un emploi chez ALTERSIS.<\/strong><\/p>\n<p>Il permet \u00e0 ALTERSIS:<\/p>\n<ul>\n<li>l&rsquo;\u00e9tude de la candidature;<\/li>\n<li>d&rsquo;informer le candidat sur l&rsquo;acceptation ou le refus de sa candidature;<\/li>\n<li>de recontacter ult\u00e9rieurement les candidats pour leur proposer d&rsquo;autres offres ou des actualit\u00e9s ALTERSIS.<\/li>\n<\/ul>\n<p><strong>Base l\u00e9gale<\/strong><\/p>\n<p><a href=\"https:\/\/www.cnil.fr\/fr\/reglement-europeen-protection-donnees\/chapitre2#Article6\">Article 6\u00a0<\/a>(1) e du r\u00e8glement g\u00e9n\u00e9ral sur la protection des donn\u00e9es &#8211; RGPD<\/p>\n<p>Ce traitement de donn\u00e9es rel\u00e8ve de l&rsquo;exercice de l&rsquo;autorit\u00e9 publique dont est investie la CNIL en application du r\u00e8glement g\u00e9n\u00e9ral sur la protection des donn\u00e9es et de la loi Informatique et Libert\u00e9s modifi\u00e9e.<\/p>\n<\/div>\n<\/div>\n<\/div>\n<div class=\"ctn-gen-ascenseur\">\n<div>\n<h2><strong><span class=\"ctn-gen-ascenseur-titre\" style=\"font-size: 14pt;\">Donn\u00e9es trait\u00e9es<\/span><\/strong><\/h2>\n<\/div>\n<div class=\"ctn-gen-ascenseur-toCollapse\">\n<div class=\"ctn-gen-ascenseur-texte\">\n<p><strong>Cat\u00e9gories de donn\u00e9es trait\u00e9es<\/strong><\/p>\n<ul>\n<li>Nom et pr\u00e9nom<\/li>\n<li>adresse de courrier \u00e9lectronique (e-mail),<\/li>\n<li>num\u00e9ro de t\u00e9l\u00e9phone portable (facultatif),<\/li>\n<li>Niveau d&rsquo;\u00e9tude<\/li>\n<li>Exp\u00e9rience et projet professionnel<\/li>\n<\/ul>\n<p><strong>Source des donn\u00e9es<\/strong><\/p>\n<ul>\n<li>Formulaire de candidature spontann\u00e9e:\u00a0<a href=\"https:\/\/www.altersis.com\/fr\/candidature-spontanee\/\">https:\/\/www.altersis.com\/fr\/candidature-spontanee\/<\/a><\/li>\n<li>Formulaire de r\u00e9ponse \u00e0 une offre d&#8217;emploi:\u00a0<a href=\"https:\/\/www.altersis.com\/fr\/altersis_jobs\/\">https:\/\/www.altersis.com\/fr\/altersis_jobs\/<\/a><\/li>\n<\/ul>\n<p><strong>Caract\u00e8re obligatoire du recueil des donn\u00e9es<\/strong><\/p>\n<p>Le recueil des nom, pr\u00e9nom et adresse de courrier \u00e9lectronique est obligatoire pour l\u2019envoi d&rsquo;une r\u00e9ponse personnalis\u00e9e.<\/p>\n<p><strong>Prise de d\u00e9cision automatis\u00e9e<\/strong><\/p>\n<p>Le traitement ne pr\u00e9voit pas de\u00a0<a href=\"https:\/\/www.cnil.fr\/fr\/reglement-europeen-protection-donnees\/chapitre3#Article22\" target=\"_blank\" rel=\"noopener\">prise de d\u00e9cision automatis\u00e9e<\/a>.<\/p>\n<\/div>\n<\/div>\n<\/div>\n<div class=\"ctn-gen-ascenseur\">\n<div>\n<h2><strong><span class=\"ctn-gen-ascenseur-titre\" style=\"font-size: 14pt;\">Personnes concern\u00e9es<\/span><\/strong><\/h2>\n<\/div>\n<div class=\"ctn-gen-ascenseur-toCollapse\">\n<div class=\"ctn-gen-ascenseur-texte\">\n<p>Le traitement de donn\u00e9es concerne uniquement les personnes qui souhaitent postuler \u00e0 un emploi chez ALTERSIS.<\/p>\n<\/div>\n<\/div>\n<\/div>\n<div class=\"ctn-gen-ascenseur\">\n<div>\n<h2><span style=\"font-size: 14pt;\"><strong><span class=\"ctn-gen-ascenseur-titre\">Destinataires des donn\u00e9es<\/span><\/strong><\/span><\/h2>\n<\/div>\n<div class=\"ctn-gen-ascenseur-collapse collapsed\"><strong>Cat\u00e9gories de destinataires<\/strong><\/div>\n<div class=\"ctn-gen-ascenseur-toCollapse\">\n<div class=\"ctn-gen-ascenseur-texte\">\n<p>Sont destinataires\u00a0des donn\u00e9es :<\/p>\n<ul>\n<li>les services de recrutement et de gestion des ressources humaines;<\/li>\n<\/ul>\n<p><strong>Transferts des donn\u00e9es hors UE<\/strong><\/p>\n<p>Aucun transfert de donn\u00e9es hors de l&rsquo;Union europ\u00e9enne n&rsquo;est r\u00e9alis\u00e9.<\/p>\n<\/div>\n<\/div>\n<\/div>\n<div class=\"ctn-gen-ascenseur\">\n<div>\n<h2><span style=\"font-size: 14pt;\"><strong><span class=\"ctn-gen-ascenseur-titre\">Dur\u00e9e de conservation des donn\u00e9es<\/span><\/strong><\/span><\/h2>\n<\/div>\n<div class=\"ctn-gen-ascenseur-collapse collapsed\">Altersis conserve les informations susmentionn\u00e9es pour une dur\u00e9e de deux ans.<\/div>\n<\/div>\n<div class=\"ctn-gen-ascenseur\">\n<div>\n<h2><strong><span class=\"ctn-gen-ascenseur-titre\" style=\"font-size: 14pt;\">Vos droits sur les donn\u00e9es vous concernant<\/span><\/strong><\/h2>\n<\/div>\n<div class=\"ctn-gen-ascenseur-collapse collapsed\">Vous pouvez acc\u00e9der et obtenir copie des donn\u00e9es vous concernant, vous opposer au traitement de ces donn\u00e9es, les faire rectifier ou les faire effacer. Vous disposez \u00e9galement d&rsquo;un droit \u00e0 la limitation du traitement de vos donn\u00e9es.<\/div>\n<div class=\"ctn-gen-ascenseur-toCollapse\">\n<div class=\"ctn-gen-ascenseur-texte\">\n<div class=\"chiffre\">\n<p>&gt;\u00a0<a href=\"https:\/\/www.cnil.fr\/fr\/comprendre-vos-droits\">Comprendre vos droits<\/a><\/p>\n<\/div>\n<p><strong>Exercer ses droits<\/strong><\/p>\n<p>Votre interlocuteur pour toute demande d&rsquo;exercice de vos droits sur ce traitement peut \u00eatre contact\u00e9:<\/p>\n<ul>\n<li>Par voie \u00e9lectronique: <a href=\"mailto:gdpr.compliance@moongy.group?subject=[ALTERSIS]: Traitement des donn\u00e9es personnelles\">gdpr.compliance@moongy.group<\/a><\/li>\n<li>Par courrier postal:<\/li>\n<\/ul>\n<p style=\"font-weight: 400;\"><strong>Responsable de la protection des donn\u00e9es<\/strong><br \/>\nParc de la Duranne, Latitude Arbois &#8211; B\u00e2timent B<br \/>\n1060\u00a0rue Ren\u00e9 Descartes<br \/>\n13857 Aix-en-Provence Cedex 3<\/p>\n<p><strong>R\u00e9clamation (plainte) aupr\u00e8s de la CNIL<\/strong><\/p>\n<p>Si vous estimez, apr\u00e8s nous avoir contact\u00e9s, que vos droits sur vos donn\u00e9es ne sont pas respect\u00e9s, vous pouvez\u00a0<a href=\"https:\/\/www.cnil.fr\/fr\/webform\/adresser-une-plainte\">adresser une r\u00e9clamation (plainte) \u00e0 la CNIL.<\/a><\/p>\n<\/div>\n<\/div>\n<\/div>\n","protected":false},"excerpt":{"rendered":"<p>ALTERSIS ne traite des donn\u00e9es personnelles qu&rsquo;au travers les formulaires de candidature spontan\u00e9e et de r\u00e9ponse \u00e0 une offre d&#8217;emploi. Objet du traitement de donn\u00e9es Finalit\u00e9s Le traitement a pour objet\u00a0la gestion des candidatures \u00e0 un emploi chez ALTERSIS. Il permet \u00e0 ALTERSIS: l&rsquo;\u00e9tude de la candidature; d&rsquo;informer le candidat sur l&rsquo;acceptation ou le refus [&hellip;]<\/p>\n","protected":false},"author":38,"featured_media":0,"parent":0,"menu_order":0,"comment_status":"closed","ping_status":"closed","template":"","meta":{"_acf_changed":false,"footnotes":""},"class_list":["post-2219","page","type-page","status-publish","hentry"],"acf":[],"_links":{"self":[{"href":"https:\/\/www.altersis.com\/fr\/wp-json\/wp\/v2\/pages\/2219","targetHints":{"allow":["GET"]}}],"collection":[{"href":"https:\/\/www.altersis.com\/fr\/wp-json\/wp\/v2\/pages"}],"about":[{"href":"https:\/\/www.altersis.com\/fr\/wp-json\/wp\/v2\/types\/page"}],"author":[{"embeddable":true,"href":"https:\/\/www.altersis.com\/fr\/wp-json\/wp\/v2\/users\/38"}],"replies":[{"embeddable":true,"href":"https:\/\/www.altersis.com\/fr\/wp-json\/wp\/v2\/comments?post=2219"}],"version-history":[{"count":3,"href":"https:\/\/www.altersis.com\/fr\/wp-json\/wp\/v2\/pages\/2219\/revisions"}],"predecessor-version":[{"id":4317,"href":"https:\/\/www.altersis.com\/fr\/wp-json\/wp\/v2\/pages\/2219\/revisions\/4317"}],"wp:attachment":[{"href":"https:\/\/www.altersis.com\/fr\/wp-json\/wp\/v2\/media?parent=2219"}],"curies":[{"name":"wp","href":"https:\/\/api.w.org\/{rel}","templated":true}]}}