{"id":88,"date":"2016-06-14T18:04:00","date_gmt":"2016-06-14T16:04:00","guid":{"rendered":"http:\/\/altersis.dev\/cms\/?page_id=88"},"modified":"2024-02-10T16:43:43","modified_gmt":"2024-02-10T15:43:43","slug":"nos-metiers","status":"publish","type":"page","link":"https:\/\/www.altersis.com\/fr\/nos-metiers\/","title":{"rendered":"Nos m\u00e9tiers"},"content":{"rendered":"<h2 class=\"mod-craft--title\" style=\"text-align: left;\"><span style=\"color: #b30000;\"><img decoding=\"async\" class=\"wp-image-826 alignleft\" src=\"http:\/\/tigerandjune-altersis.pf12.wpserveur.net\/wp-content\/uploads\/2016\/09\/73845254.jpg\" alt=\"Two young handsome engineers working on electronics components and fixing broken chips\" width=\"425\" height=\"283\" srcset=\"https:\/\/www.altersis.com\/wp-content\/uploads\/2016\/09\/73845254.jpg 1050w, https:\/\/www.altersis.com\/wp-content\/uploads\/2016\/09\/73845254-300x200.jpg 300w, https:\/\/www.altersis.com\/wp-content\/uploads\/2016\/09\/73845254-768x512.jpg 768w, https:\/\/www.altersis.com\/wp-content\/uploads\/2016\/09\/73845254-1024x683.jpg 1024w\" sizes=\"(max-width: 425px) 100vw, 425px\" \/><\/span><span style=\"color: #a00631;\">HAUTE TECHNOLOGIE<\/span><\/h2>\n<div class=\"mod-craft--text\">Une grande diversit\u00e9 des sciences de l&rsquo;ing\u00e9nieur sont repr\u00e9sent\u00e9es au sein du groupe.<br \/>\nCalculs scientifiques, \u00e9lectronique, Recherche &amp; D\u00e9veloppement, logiciels embarqu\u00e9s&#8230; Autant de domaines sur lesquels nous sommes pr\u00eats \u00e0 vous accompagner avec nos multi-sp\u00e9cialistes.<\/p>\n<h2 class=\"mod-craft--title\"><\/h2>\n<h2 class=\"mod-craft--title\"><\/h2>\n<h2 class=\"mod-craft--title\"><\/h2>\n<h2 class=\"mod-craft--title\"><span style=\"color: #b30000;\"><img decoding=\"async\" class=\"wp-image-878 alignright\" src=\"http:\/\/tigerandjune-altersis.pf12.wpserveur.net\/wp-content\/uploads\/2016\/09\/71290325.jpg\" alt=\"Shot of a group of business colleagues in a boardroom meeting\" width=\"426\" height=\"284\" srcset=\"https:\/\/www.altersis.com\/wp-content\/uploads\/2016\/09\/71290325.jpg 1050w, https:\/\/www.altersis.com\/wp-content\/uploads\/2016\/09\/71290325-300x200.jpg 300w, https:\/\/www.altersis.com\/wp-content\/uploads\/2016\/09\/71290325-768x512.jpg 768w, https:\/\/www.altersis.com\/wp-content\/uploads\/2016\/09\/71290325-1024x683.jpg 1024w\" sizes=\"(max-width: 426px) 100vw, 426px\" \/><\/span><span style=\"color: #a00631;\">SYST\u00c8MES D&rsquo;INFORMATION<\/span><\/h2>\n<div class=\"mod-craft--text\">\n<p>Le d\u00e9veloppement de solutions cl\u00e9 en main est le c\u0153ur de notre m\u00e9tier.<\/p>\n<p>De l&rsquo;accompagnement \u00e0 la r\u00e9daction de votre cahier des charges jusqu&rsquo;au d\u00e9ploiement de votre applic<br \/>\nation finale, nous saurons vous accompagner \u00e0 chaque \u00e9tape de votre projet, quelle que soit la plateforme que vous aurez choisie (SAAS, site web,, application mobile, client lourd, etc.).<\/p>\n<h2 class=\"mod-craft--title\"><\/h2>\n<h2 class=\"mod-craft--title\"><\/h2>\n<h2 class=\"mod-craft--title\"><\/h2>\n<h2 class=\"mod-craft--title\"><span style=\"color: #b30000;\"><img decoding=\"async\" class=\"wp-image-886 alignleft\" src=\"http:\/\/tigerandjune-altersis.pf12.wpserveur.net\/wp-content\/uploads\/2016\/05\/img-3.jpg\" alt=\"img-3\" width=\"426\" height=\"239\" srcset=\"https:\/\/www.altersis.com\/wp-content\/uploads\/2016\/05\/img-3.jpg 773w, https:\/\/www.altersis.com\/wp-content\/uploads\/2016\/05\/img-3-300x168.jpg 300w, https:\/\/www.altersis.com\/wp-content\/uploads\/2016\/05\/img-3-768x431.jpg 768w\" sizes=\"(max-width: 426px) 100vw, 426px\" \/><\/span><span style=\"color: #a00631;\">INFORMATIQUE DE PRODUCTION<\/span><\/h2>\n<div class=\"mod-craft--text\">Maintien en conditions op\u00e9rationnelles, Plan de reprise des activit\u00e9s, Normalisation, automatisation et s\u00e9curisation, Mise en place des proc\u00e9dures, Support aux utilisateurs&#8230;<br \/>\nAutant de domaines sur lesquels nous saurons \u00eatre un partenaire efficace.<\/p>\n<h2 class=\"mod-craft--title\" style=\"text-align: left;\"><\/h2>\n<p><span style=\"color: #a00631;\"><a style=\"color: #a00631;\" href=\".\/testing_performances\/\">En savoir plus&#8230;<\/a><\/span><\/p>\n<p>&nbsp;<\/p>\n<\/div>\n<\/div>\n<h2 class=\"mod-craft--title\"><span style=\"color: #b30000;\"><img decoding=\"async\" class=\"wp-image-4566 alignright\" src=\"https:\/\/www.altersis.com\/wp-content\/uploads\/2024\/01\/mdl_plan-de-travail-1-1-2048x1342.jpg-300x197.webp\" alt=\"\" width=\"467\" height=\"306\" srcset=\"https:\/\/www.altersis.com\/wp-content\/uploads\/2024\/01\/mdl_plan-de-travail-1-1-2048x1342.jpg-300x197.webp 300w, https:\/\/www.altersis.com\/wp-content\/uploads\/2024\/01\/mdl_plan-de-travail-1-1-2048x1342.jpg-1024x671.webp 1024w, https:\/\/www.altersis.com\/wp-content\/uploads\/2024\/01\/mdl_plan-de-travail-1-1-2048x1342.jpg-768x503.webp 768w, https:\/\/www.altersis.com\/wp-content\/uploads\/2024\/01\/mdl_plan-de-travail-1-1-2048x1342.jpg-1536x1007.webp 1536w, https:\/\/www.altersis.com\/wp-content\/uploads\/2024\/01\/mdl_plan-de-travail-1-1-2048x1342.jpg.webp 2048w\" sizes=\"(max-width: 467px) 100vw, 467px\" \/><\/span><span style=\"color: #a00631;\">MOONGY DIGITAL LAB<\/span><\/h2>\n<div class=\"mod-craft--text\">\n<p>Une offre sur-mesure au service de la <strong>Transformation Digitale.<\/strong><\/p>\n<p>Nous apportons l&rsquo;innovation num\u00e9rique chez nos clients gr\u00e2ce \u00e0 une gamme de services d\u00e9di\u00e9s :<\/p>\n<ul>\n<li>Gestion de projets<\/li>\n<li>Expertise dans le cloud<\/li>\n<li>Assurance qualit\u00e9 &amp; performance<\/li>\n<li>Big data<\/li>\n<li>D\u00e9veloppement informatique<\/li>\n<li>Automatisation et performance<\/li>\n<li>Intelligence artificielle<\/li>\n<\/ul>\n<p>&nbsp;<\/p>\n<p><a href=\".\/moongydigitallabs\/\"><span style=\"color: #a00631;\">En savoir plus&#8230;<\/span><\/a><\/p>\n<\/div>\n<\/div>\n","protected":false},"excerpt":{"rendered":"<p>HAUTE TECHNOLOGIE Une grande diversit\u00e9 des sciences de l&rsquo;ing\u00e9nieur sont repr\u00e9sent\u00e9es au sein du groupe. Calculs scientifiques, \u00e9lectronique, Recherche &amp; D\u00e9veloppement, logiciels embarqu\u00e9s&#8230; Autant de domaines sur lesquels nous sommes pr\u00eats \u00e0 vous accompagner avec nos multi-sp\u00e9cialistes. SYST\u00c8MES D&rsquo;INFORMATION Le d\u00e9veloppement de solutions cl\u00e9 en main est le c\u0153ur de notre m\u00e9tier. De l&rsquo;accompagnement \u00e0 [&hellip;]<\/p>\n","protected":false},"author":38,"featured_media":1212,"parent":0,"menu_order":0,"comment_status":"closed","ping_status":"closed","template":"","meta":{"_acf_changed":false,"footnotes":""},"class_list":["post-88","page","type-page","status-publish","has-post-thumbnail","hentry"],"acf":[],"_links":{"self":[{"href":"https:\/\/www.altersis.com\/fr\/wp-json\/wp\/v2\/pages\/88","targetHints":{"allow":["GET"]}}],"collection":[{"href":"https:\/\/www.altersis.com\/fr\/wp-json\/wp\/v2\/pages"}],"about":[{"href":"https:\/\/www.altersis.com\/fr\/wp-json\/wp\/v2\/types\/page"}],"author":[{"embeddable":true,"href":"https:\/\/www.altersis.com\/fr\/wp-json\/wp\/v2\/users\/38"}],"replies":[{"embeddable":true,"href":"https:\/\/www.altersis.com\/fr\/wp-json\/wp\/v2\/comments?post=88"}],"version-history":[{"count":4,"href":"https:\/\/www.altersis.com\/fr\/wp-json\/wp\/v2\/pages\/88\/revisions"}],"predecessor-version":[{"id":4893,"href":"https:\/\/www.altersis.com\/fr\/wp-json\/wp\/v2\/pages\/88\/revisions\/4893"}],"wp:featuredmedia":[{"embeddable":true,"href":"https:\/\/www.altersis.com\/fr\/wp-json\/wp\/v2\/media\/1212"}],"wp:attachment":[{"href":"https:\/\/www.altersis.com\/fr\/wp-json\/wp\/v2\/media?parent=88"}],"curies":[{"name":"wp","href":"https:\/\/api.w.org\/{rel}","templated":true}]}}